{"id":11,"date":"2019-08-26T07:15:13","date_gmt":"2019-08-26T07:15:13","guid":{"rendered":"https:\/\/romansulima.com\/?page_id=11"},"modified":"2026-01-19T11:41:22","modified_gmt":"2026-01-19T11:41:22","slug":"poetry","status":"publish","type":"page","link":"https:\/\/romansulima.com\/de\/poetry\/","title":{"rendered":"POESIE"},"content":{"rendered":"<p>Viele Leute fragen oft: &#8222;Wann hast du angefangen, Gedichte zu schreiben?&#8220; Um die Wahrheit zu sagen, ich erinnere mich nicht an den Anfang. In dem Moment, als ich die Tatsache meiner Existenz erkannte, schrieb ich definitiv etwas und es war sogar, wie meine Eltern mir versichern, ein Reim. Poesie ist f\u00fcr mich meine DNA. Ich bin \u00fcberhaupt kein Graphomane, ich schreibe nur in den Momenten der Inspiration. Ich habe die Abteilung f\u00fcr Lyrik des Literaturinstituts absolviert, aber es hat mir eher geholfen zu verstehen, wie Sie keine Lyrik schreiben sollten. Poesie ist jenseits von uns, sie ist jenseits aller Formen und Rahmen. 2005 ver\u00f6ffentlichte ich ein Gedichtband <a href=\"https:\/\/grenka.ua\/90865\/ChB\" target=\"_blank\" rel=\"noopener noreferrer\">&#8222;CHB&#8220; (Black and White)<\/a>, das die Gedichte der letzten 15 Jahre enthielt.<\/p>\n<div data-url=\"https:\/\/issuu.com\/roman.sulima\/docs\/chbe2\" style=\"width: 525px; height: 368px;\" class=\"issuuembed\"><\/div>\n<p><script type=\"text\/javascript\" src=\"\/\/e.issuu.com\/embed.js\" async=\"true\"><\/script><\/p>\n","protected":false},"excerpt":{"rendered":"<p>Viele Leute fragen oft: &#8222;Wann hast du angefangen, Gedichte zu schreiben?&#8220; Um die Wahrheit zu sagen, ich erinnere mich nicht an den Anfang. In dem Moment, als ich die Tatsache meiner Existenz erkannte, schrieb ich definitiv etwas und es war sogar, wie meine Eltern mir versichern, ein Reim. Poesie ist f\u00fcr mich meine DNA. Ich &hellip; <\/p>\n<p class=\"link-more\"><a href=\"https:\/\/romansulima.com\/de\/poetry\/\" class=\"more-link\"><span class=\"screen-reader-text\">\u201ePOESIE\u201c<\/span> weiterlesen<\/a><\/p>\n","protected":false},"author":1,"featured_media":316,"parent":0,"menu_order":0,"comment_status":"closed","ping_status":"closed","template":"","meta":{"_acf_changed":false,"footnotes":""},"acf":[],"_links":{"self":[{"href":"https:\/\/romansulima.com\/de\/wp-json\/wp\/v2\/pages\/11"}],"collection":[{"href":"https:\/\/romansulima.com\/de\/wp-json\/wp\/v2\/pages"}],"about":[{"href":"https:\/\/romansulima.com\/de\/wp-json\/wp\/v2\/types\/page"}],"author":[{"embeddable":true,"href":"https:\/\/romansulima.com\/de\/wp-json\/wp\/v2\/users\/1"}],"replies":[{"embeddable":true,"href":"https:\/\/romansulima.com\/de\/wp-json\/wp\/v2\/comments?post=11"}],"version-history":[{"count":11,"href":"https:\/\/romansulima.com\/de\/wp-json\/wp\/v2\/pages\/11\/revisions"}],"predecessor-version":[{"id":726,"href":"https:\/\/romansulima.com\/de\/wp-json\/wp\/v2\/pages\/11\/revisions\/726"}],"wp:featuredmedia":[{"embeddable":true,"href":"https:\/\/romansulima.com\/de\/wp-json\/wp\/v2\/media\/316"}],"wp:attachment":[{"href":"https:\/\/romansulima.com\/de\/wp-json\/wp\/v2\/media?parent=11"}],"curies":[{"name":"wp","href":"https:\/\/api.w.org\/{rel}","templated":true}]}}