{"id":23,"date":"2019-08-26T08:52:40","date_gmt":"2019-08-26T08:52:40","guid":{"rendered":"https:\/\/romansulima.com\/?page_id=23"},"modified":"2026-01-19T11:41:22","modified_gmt":"2026-01-19T11:41:22","slug":"print","status":"publish","type":"page","link":"https:\/\/romansulima.com\/de\/print\/","title":{"rendered":"PRINT"},"content":{"rendered":"<p>F\u00fcr mehr als 10 Jahre Arbeit auf dem Markt f\u00fcr Wirtschaftsmedien hat das Content-Studio Custom Lab unter der Leitung seines Gr\u00fcnders und CEO Roman Sulima mehr als 50 einzigartige Druckprojekte f\u00fcr Kundenunternehmen erstellt. Darunter befinden sich B\u00fccher, Zeitschriften und Zeitungen, Jahresberichte und Produktkataloge. Jeder von ihnen hat sein Ziel erreicht und die gew\u00fcnschte Zielgruppe erreicht, sei es die Mitarbeiter des Unternehmens, seine Gesch\u00e4ftspartner oder eine breite Palette von Kunden.<\/p>\n","protected":false},"excerpt":{"rendered":"<p>F\u00fcr mehr als 10 Jahre Arbeit auf dem Markt f\u00fcr Wirtschaftsmedien hat das Content-Studio Custom Lab unter der Leitung seines Gr\u00fcnders und CEO Roman Sulima mehr als 50 einzigartige Druckprojekte f\u00fcr Kundenunternehmen erstellt. Darunter befinden sich B\u00fccher, Zeitschriften und Zeitungen, Jahresberichte und Produktkataloge. Jeder von ihnen hat sein Ziel erreicht und die gew\u00fcnschte Zielgruppe erreicht, &hellip; <\/p>\n<p class=\"link-more\"><a href=\"https:\/\/romansulima.com\/de\/print\/\" class=\"more-link\"><span class=\"screen-reader-text\">\u201ePRINT\u201c<\/span> weiterlesen<\/a><\/p>\n","protected":false},"author":1,"featured_media":521,"parent":0,"menu_order":0,"comment_status":"closed","ping_status":"closed","template":"","meta":{"_acf_changed":false,"footnotes":""},"acf":[],"_links":{"self":[{"href":"https:\/\/romansulima.com\/de\/wp-json\/wp\/v2\/pages\/23"}],"collection":[{"href":"https:\/\/romansulima.com\/de\/wp-json\/wp\/v2\/pages"}],"about":[{"href":"https:\/\/romansulima.com\/de\/wp-json\/wp\/v2\/types\/page"}],"author":[{"embeddable":true,"href":"https:\/\/romansulima.com\/de\/wp-json\/wp\/v2\/users\/1"}],"replies":[{"embeddable":true,"href":"https:\/\/romansulima.com\/de\/wp-json\/wp\/v2\/comments?post=23"}],"version-history":[{"count":11,"href":"https:\/\/romansulima.com\/de\/wp-json\/wp\/v2\/pages\/23\/revisions"}],"predecessor-version":[{"id":631,"href":"https:\/\/romansulima.com\/de\/wp-json\/wp\/v2\/pages\/23\/revisions\/631"}],"wp:featuredmedia":[{"embeddable":true,"href":"https:\/\/romansulima.com\/de\/wp-json\/wp\/v2\/media\/521"}],"wp:attachment":[{"href":"https:\/\/romansulima.com\/de\/wp-json\/wp\/v2\/media?parent=23"}],"curies":[{"name":"wp","href":"https:\/\/api.w.org\/{rel}","templated":true}]}}