{"id":48,"date":"2019-08-26T09:22:51","date_gmt":"2019-08-26T09:22:51","guid":{"rendered":"https:\/\/romansulima.com\/?page_id=48"},"modified":"2026-01-19T11:41:22","modified_gmt":"2026-01-19T11:41:22","slug":"digital","status":"publish","type":"page","link":"https:\/\/romansulima.com\/de\/digital\/","title":{"rendered":"DIGITAL"},"content":{"rendered":"<p>Das Content-Studio Custom Lab unter der Leitung seines Gr\u00fcnders und CEO Roman Sulima erstellt schl\u00fcsselfertige digitale Projekte \u2013 Inhalte f\u00fcr Webressourcen, Mobil- und Tablet-Anwendungen, interaktive PDFs, vollst\u00e4ndiges SMM-Outsourcing, einschlie\u00dflich Werbung. Solche Inhalte funktionieren nicht nur auf Facebook, Instagram und Telegramm, sondern auch auf YouTube effizient.<\/p>\n","protected":false},"excerpt":{"rendered":"<p>Das Content-Studio Custom Lab unter der Leitung seines Gr\u00fcnders und CEO Roman Sulima erstellt schl\u00fcsselfertige digitale Projekte \u2013 Inhalte f\u00fcr Webressourcen, Mobil- und Tablet-Anwendungen, interaktive PDFs, vollst\u00e4ndiges SMM-Outsourcing, einschlie\u00dflich Werbung. Solche Inhalte funktionieren nicht nur auf Facebook, Instagram und Telegramm, sondern auch auf YouTube effizient.<\/p>\n","protected":false},"author":1,"featured_media":433,"parent":0,"menu_order":0,"comment_status":"closed","ping_status":"closed","template":"","meta":{"_acf_changed":false,"footnotes":""},"acf":[],"_links":{"self":[{"href":"https:\/\/romansulima.com\/de\/wp-json\/wp\/v2\/pages\/48"}],"collection":[{"href":"https:\/\/romansulima.com\/de\/wp-json\/wp\/v2\/pages"}],"about":[{"href":"https:\/\/romansulima.com\/de\/wp-json\/wp\/v2\/types\/page"}],"author":[{"embeddable":true,"href":"https:\/\/romansulima.com\/de\/wp-json\/wp\/v2\/users\/1"}],"replies":[{"embeddable":true,"href":"https:\/\/romansulima.com\/de\/wp-json\/wp\/v2\/comments?post=48"}],"version-history":[{"count":11,"href":"https:\/\/romansulima.com\/de\/wp-json\/wp\/v2\/pages\/48\/revisions"}],"predecessor-version":[{"id":634,"href":"https:\/\/romansulima.com\/de\/wp-json\/wp\/v2\/pages\/48\/revisions\/634"}],"wp:featuredmedia":[{"embeddable":true,"href":"https:\/\/romansulima.com\/de\/wp-json\/wp\/v2\/media\/433"}],"wp:attachment":[{"href":"https:\/\/romansulima.com\/de\/wp-json\/wp\/v2\/media?parent=48"}],"curies":[{"name":"wp","href":"https:\/\/api.w.org\/{rel}","templated":true}]}}