{"id":50,"date":"2019-08-26T09:23:49","date_gmt":"2019-08-26T09:23:49","guid":{"rendered":"https:\/\/romansulima.com\/?page_id=50"},"modified":"2026-01-19T11:41:22","modified_gmt":"2026-01-19T11:41:22","slug":"video","status":"publish","type":"page","link":"https:\/\/romansulima.com\/de\/video\/","title":{"rendered":"VIDEO"},"content":{"rendered":"<p>Content geht es nicht nur um Texte. Heute haben Audio, Foto, Video und sogar Infografiken und Animationen eine neue Funktion erhalten \u2013 die Kommunikation mit vollem Wert. Das Content-Studio Custom Lab unter der Leitung seines Gr\u00fcnders und CEO Roman Sulima konnte sich diesen Trends nicht entziehen, da wir die vollwertige Produktion f\u00fcr die Erstellung von ma\u00dfgeschneiderten Podcasts, Animationsvideos, Fotoshootings und Videos aller Formate haben \u2013 Streaming, Filmen und Bearbeiten von Videos und thematischen Minifilmen.<\/p>\n","protected":false},"excerpt":{"rendered":"<p>Content geht es nicht nur um Texte. Heute haben Audio, Foto, Video und sogar Infografiken und Animationen eine neue Funktion erhalten \u2013 die Kommunikation mit vollem Wert. Das Content-Studio Custom Lab unter der Leitung seines Gr\u00fcnders und CEO Roman Sulima konnte sich diesen Trends nicht entziehen, da wir die vollwertige Produktion f\u00fcr die Erstellung von &hellip; <\/p>\n<p class=\"link-more\"><a href=\"https:\/\/romansulima.com\/de\/video\/\" class=\"more-link\"><span class=\"screen-reader-text\">\u201eVIDEO\u201c<\/span> weiterlesen<\/a><\/p>\n","protected":false},"author":1,"featured_media":426,"parent":0,"menu_order":0,"comment_status":"closed","ping_status":"closed","template":"","meta":{"_acf_changed":false,"footnotes":""},"acf":[],"_links":{"self":[{"href":"https:\/\/romansulima.com\/de\/wp-json\/wp\/v2\/pages\/50"}],"collection":[{"href":"https:\/\/romansulima.com\/de\/wp-json\/wp\/v2\/pages"}],"about":[{"href":"https:\/\/romansulima.com\/de\/wp-json\/wp\/v2\/types\/page"}],"author":[{"embeddable":true,"href":"https:\/\/romansulima.com\/de\/wp-json\/wp\/v2\/users\/1"}],"replies":[{"embeddable":true,"href":"https:\/\/romansulima.com\/de\/wp-json\/wp\/v2\/comments?post=50"}],"version-history":[{"count":11,"href":"https:\/\/romansulima.com\/de\/wp-json\/wp\/v2\/pages\/50\/revisions"}],"predecessor-version":[{"id":638,"href":"https:\/\/romansulima.com\/de\/wp-json\/wp\/v2\/pages\/50\/revisions\/638"}],"wp:featuredmedia":[{"embeddable":true,"href":"https:\/\/romansulima.com\/de\/wp-json\/wp\/v2\/media\/426"}],"wp:attachment":[{"href":"https:\/\/romansulima.com\/de\/wp-json\/wp\/v2\/media?parent=50"}],"curies":[{"name":"wp","href":"https:\/\/api.w.org\/{rel}","templated":true}]}}