{"id":55,"date":"2019-08-26T09:25:57","date_gmt":"2019-08-26T09:25:57","guid":{"rendered":"https:\/\/romansulima.com\/?page_id=55"},"modified":"2026-01-19T11:41:22","modified_gmt":"2026-01-19T11:41:22","slug":"slovo-za-slovo","status":"publish","type":"page","link":"https:\/\/romansulima.com\/de\/slovo-za-slovo\/","title":{"rendered":"SLOVO ZA SLOVO"},"content":{"rendered":"<p>Dieses poetisch-musikalische Projekt hat keine Analoga. Es wurde Ende 2014 von dem Dichter Roman Sulima und dem Komponisten Roman Matchin geschaffen. In den ersten zwei Jahren seines Bestehens f\u00fchrte das Projekt zu drei Alben, vier Videoclips und mehr als einem Dutzend Live-Auftritten. Zun\u00e4chst begleiteten zwei Bassisten und ein Schlagzeuger den Gedichtleser. Das Musikmuster im Projekt bestimmt das Tempo und die Pr\u00e4sentation des Gedichts selbst &#8211; die Komposition kann also sowohl aus subtilen Texten als auch aus hartem Punkrock bestehen. Anschlie\u00dfend wurde das Projekt in Slovo Za Slovo 2.0 wiedergeboren, wo die unh\u00f6flichen Jungs durch drei M\u00e4dchen ersetzt wurden: einen Vinyl-Scratch-DJ, einen VJ und eine Go-Go-T\u00e4nzerin. Der Kern des Projekts bleibt jedoch derselbe &#8211; die Poesie. Heute wird dieses Genre als Poetry Fusion definiert und jeder kann eine Rolle darin finden.<\/p>\n<div data-url=\"https:\/\/issuu.com\/romansulima\/docs\/czc-2016-new_\" style=\"width: 525px; height: 186px;\" class=\"issuuembed\"><\/div>\n<p><script type=\"text\/javascript\" src=\"\/\/e.issuu.com\/embed.js\" async=\"true\"><\/script><\/p>\n","protected":false},"excerpt":{"rendered":"<p>Dieses poetisch-musikalische Projekt hat keine Analoga. Es wurde Ende 2014 von dem Dichter Roman Sulima und dem Komponisten Roman Matchin geschaffen. In den ersten zwei Jahren seines Bestehens f\u00fchrte das Projekt zu drei Alben, vier Videoclips und mehr als einem Dutzend Live-Auftritten. Zun\u00e4chst begleiteten zwei Bassisten und ein Schlagzeuger den Gedichtleser. Das Musikmuster im Projekt &hellip; <\/p>\n<p class=\"link-more\"><a href=\"https:\/\/romansulima.com\/de\/slovo-za-slovo\/\" class=\"more-link\"><span class=\"screen-reader-text\">\u201eSLOVO ZA SLOVO\u201c<\/span> weiterlesen<\/a><\/p>\n","protected":false},"author":1,"featured_media":333,"parent":0,"menu_order":0,"comment_status":"closed","ping_status":"closed","template":"","meta":{"_acf_changed":false,"footnotes":""},"acf":[],"_links":{"self":[{"href":"https:\/\/romansulima.com\/de\/wp-json\/wp\/v2\/pages\/55"}],"collection":[{"href":"https:\/\/romansulima.com\/de\/wp-json\/wp\/v2\/pages"}],"about":[{"href":"https:\/\/romansulima.com\/de\/wp-json\/wp\/v2\/types\/page"}],"author":[{"embeddable":true,"href":"https:\/\/romansulima.com\/de\/wp-json\/wp\/v2\/users\/1"}],"replies":[{"embeddable":true,"href":"https:\/\/romansulima.com\/de\/wp-json\/wp\/v2\/comments?post=55"}],"version-history":[{"count":11,"href":"https:\/\/romansulima.com\/de\/wp-json\/wp\/v2\/pages\/55\/revisions"}],"predecessor-version":[{"id":604,"href":"https:\/\/romansulima.com\/de\/wp-json\/wp\/v2\/pages\/55\/revisions\/604"}],"wp:featuredmedia":[{"embeddable":true,"href":"https:\/\/romansulima.com\/de\/wp-json\/wp\/v2\/media\/333"}],"wp:attachment":[{"href":"https:\/\/romansulima.com\/de\/wp-json\/wp\/v2\/media?parent=55"}],"curies":[{"name":"wp","href":"https:\/\/api.w.org\/{rel}","templated":true}]}}