{"id":57,"date":"2019-08-26T09:26:48","date_gmt":"2019-08-26T09:26:48","guid":{"rendered":"https:\/\/romansulima.com\/?page_id=57"},"modified":"2026-01-19T11:41:22","modified_gmt":"2026-01-19T11:41:22","slug":"sublimation","status":"publish","type":"page","link":"https:\/\/romansulima.com\/de\/sublimation\/","title":{"rendered":"SUBLIMATION"},"content":{"rendered":"<p>Sublimation ist, wie Sie wissen, die Umwandlung aller Arten menschlicher Energie in ART &#038; KREATIVIT\u00c4T. Genau darum geht es im YouTube-Projekt des Autors von Roman Sulima. Das Projekt hat eine allgemeine Linie &#8211; gro\u00dfartige Interviews mit interessanten Menschen. Dies sind keine gew\u00f6hnlichen Interviews &#8211; ihr Kontext und das Programm selbst enthalten einige Elemente von Spiel, Show und Kreativit\u00e4t. Neben dem Hauptprojekt umfasst das Projekt mehrere Abschnitte: Sublimation Short (\u00fcber interessante Unternehmensgr\u00fcndungen von Kreativen) und Sublimation Mix (angepasste Nachrichten aus der Welt der IT, Business und Technologie). Die G\u00e4ste des Projekts sind ber\u00fchmte Pers\u00f6nlichkeiten, die Gesch\u00e4ft und Kreativit\u00e4t erfolgreich verbinden. Und nat\u00fcrlich k\u00f6nnen sie sublimieren.<\/p>\n<p><iframe loading=\"lazy\" title=\"\u041c\u0438\u043d\u0438\u0442\u0438\u0437\u0435\u0440 \u043f\u0440\u043e\u0433\u0440\u0430\u043c\u043c\u044b \u0421\u0423\u0411\u041b\u0418\u041c\u0410\u0426\u0418\u042f #1\" width=\"525\" height=\"295\" src=\"https:\/\/www.youtube.com\/embed\/__CaHUZaXls?feature=oembed\" frameborder=\"0\" allow=\"accelerometer; autoplay; clipboard-write; encrypted-media; gyroscope; picture-in-picture; web-share\" referrerpolicy=\"strict-origin-when-cross-origin\" allowfullscreen><\/iframe><\/p>\n","protected":false},"excerpt":{"rendered":"<p>Sublimation ist, wie Sie wissen, die Umwandlung aller Arten menschlicher Energie in ART &#038; KREATIVIT\u00c4T. Genau darum geht es im YouTube-Projekt des Autors von Roman Sulima. Das Projekt hat eine allgemeine Linie &#8211; gro\u00dfartige Interviews mit interessanten Menschen. Dies sind keine gew\u00f6hnlichen Interviews &#8211; ihr Kontext und das Programm selbst enthalten einige Elemente von Spiel, &hellip; <\/p>\n<p class=\"link-more\"><a href=\"https:\/\/romansulima.com\/de\/sublimation\/\" class=\"more-link\"><span class=\"screen-reader-text\">\u201eSUBLIMATION\u201c<\/span> weiterlesen<\/a><\/p>\n","protected":false},"author":1,"featured_media":312,"parent":0,"menu_order":0,"comment_status":"closed","ping_status":"closed","template":"","meta":{"_acf_changed":false,"footnotes":""},"acf":[],"_links":{"self":[{"href":"https:\/\/romansulima.com\/de\/wp-json\/wp\/v2\/pages\/57"}],"collection":[{"href":"https:\/\/romansulima.com\/de\/wp-json\/wp\/v2\/pages"}],"about":[{"href":"https:\/\/romansulima.com\/de\/wp-json\/wp\/v2\/types\/page"}],"author":[{"embeddable":true,"href":"https:\/\/romansulima.com\/de\/wp-json\/wp\/v2\/users\/1"}],"replies":[{"embeddable":true,"href":"https:\/\/romansulima.com\/de\/wp-json\/wp\/v2\/comments?post=57"}],"version-history":[{"count":10,"href":"https:\/\/romansulima.com\/de\/wp-json\/wp\/v2\/pages\/57\/revisions"}],"predecessor-version":[{"id":542,"href":"https:\/\/romansulima.com\/de\/wp-json\/wp\/v2\/pages\/57\/revisions\/542"}],"wp:featuredmedia":[{"embeddable":true,"href":"https:\/\/romansulima.com\/de\/wp-json\/wp\/v2\/media\/312"}],"wp:attachment":[{"href":"https:\/\/romansulima.com\/de\/wp-json\/wp\/v2\/media?parent=57"}],"curies":[{"name":"wp","href":"https:\/\/api.w.org\/{rel}","templated":true}]}}