{"id":59,"date":"2019-08-26T09:27:31","date_gmt":"2019-08-26T09:27:31","guid":{"rendered":"https:\/\/romansulima.com\/?page_id=59"},"modified":"2026-01-19T11:41:22","modified_gmt":"2026-01-19T11:41:22","slug":"bloging","status":"publish","type":"page","link":"https:\/\/romansulima.com\/de\/bloging\/","title":{"rendered":"BLOGGING"},"content":{"rendered":"<p>Jeder Journalist kann ein Blogger sein. Aber nicht jeder Blogger kann Journalist sein. Wenn Journalisten Managementverantwortung \u00fcbernehmen, andere Journalisten f\u00fchren und das Betriebssystem ihres Unternehmens betreiben, k\u00f6nnen sie nur ihre F\u00e4higkeiten und das Niveau des Schreibens retten, indem sie regelm\u00e4\u00dfig am Leben der Blogosph\u00e4re teilnehmen. So werden Journalisten zu Bloggern. Insbesondere die Top-Autoren der site.ua-Plattform, wie es bei Roman Sulima passiert ist. Seine Hauptthemen sind Gesellschaft, Kreativit\u00e4t, Wirtschaft und Fu\u00dfball. Als Sportblogger reist er oft mit der ukrainischen Fu\u00dfballnationalmannschaft. Neben site.ua finden sich die Texte von Roman Sulima auf den Plattformen <a href=\"https:\/\/nv.ua\/opinion_author\/sulima.html\" target=\"_blank\" rel=\"noopener noreferrer\">Novoe Vremya<\/a>, <a href=\"https:\/\/www.obozrevatel.com\/person\/roman-sulima.htm\" target=\"_blank\" rel=\"noopener noreferrer\">Obozrevatel<\/a>, <a href=\"https:\/\/www.buro247.ua\/lifestyle\/expert\/chto-s-toboy-ne-tak-esli-ty-kheytish-gretu-tunberg.html\" target=\"_blank\" rel=\"noopener noreferrer\">Buro24<\/a> und nat\u00fcrlich auf seiner pers\u00f6nlichen Facebook-Seite.<\/p>\n","protected":false},"excerpt":{"rendered":"<p>Jeder Journalist kann ein Blogger sein. Aber nicht jeder Blogger kann Journalist sein. Wenn Journalisten Managementverantwortung \u00fcbernehmen, andere Journalisten f\u00fchren und das Betriebssystem ihres Unternehmens betreiben, k\u00f6nnen sie nur ihre F\u00e4higkeiten und das Niveau des Schreibens retten, indem sie regelm\u00e4\u00dfig am Leben der Blogosph\u00e4re teilnehmen. So werden Journalisten zu Bloggern. Insbesondere die Top-Autoren der site.ua-Plattform, &hellip; <\/p>\n<p class=\"link-more\"><a href=\"https:\/\/romansulima.com\/de\/bloging\/\" class=\"more-link\"><span class=\"screen-reader-text\">\u201eBLOGGING\u201c<\/span> weiterlesen<\/a><\/p>\n","protected":false},"author":1,"featured_media":309,"parent":0,"menu_order":0,"comment_status":"closed","ping_status":"closed","template":"","meta":{"_acf_changed":false,"footnotes":""},"acf":[],"_links":{"self":[{"href":"https:\/\/romansulima.com\/de\/wp-json\/wp\/v2\/pages\/59"}],"collection":[{"href":"https:\/\/romansulima.com\/de\/wp-json\/wp\/v2\/pages"}],"about":[{"href":"https:\/\/romansulima.com\/de\/wp-json\/wp\/v2\/types\/page"}],"author":[{"embeddable":true,"href":"https:\/\/romansulima.com\/de\/wp-json\/wp\/v2\/users\/1"}],"replies":[{"embeddable":true,"href":"https:\/\/romansulima.com\/de\/wp-json\/wp\/v2\/comments?post=59"}],"version-history":[{"count":11,"href":"https:\/\/romansulima.com\/de\/wp-json\/wp\/v2\/pages\/59\/revisions"}],"predecessor-version":[{"id":543,"href":"https:\/\/romansulima.com\/de\/wp-json\/wp\/v2\/pages\/59\/revisions\/543"}],"wp:featuredmedia":[{"embeddable":true,"href":"https:\/\/romansulima.com\/de\/wp-json\/wp\/v2\/media\/309"}],"wp:attachment":[{"href":"https:\/\/romansulima.com\/de\/wp-json\/wp\/v2\/media?parent=59"}],"curies":[{"name":"wp","href":"https:\/\/api.w.org\/{rel}","templated":true}]}}